{"id":500,"date":"2019-08-30T13:38:25","date_gmt":"2019-08-30T11:38:25","guid":{"rendered":"https:\/\/qigong.pro\/?page_id=500"},"modified":"2019-09-01T17:31:31","modified_gmt":"2019-09-01T15:31:31","slug":"temoignages","status":"publish","type":"page","link":"https:\/\/qigong.pro\/index.php\/temoignages\/","title":{"rendered":"T\u00e9moignages"},"content":{"rendered":"<p>[et_pb_section fb_built=\u00a0\u00bb1&Prime; admin_label=\u00a0\u00bbHero Section\u00a0\u00bb _builder_version=\u00a0\u00bb3.22&Prime; use_background_color_gradient=\u00a0\u00bbon\u00a0\u00bb background_color_gradient_start=\u00a0\u00bb#1bb3eb\u00a0\u00bb background_color_gradient_end=\u00a0\u00bb#25efcb\u00a0\u00bb background_color_gradient_direction=\u00a0\u00bb105deg\u00a0\u00bb custom_padding=\u00a0\u00bb60px|0px|60px|0px\u00a0\u00bb fb_built=\u00a0\u00bb1&Prime; _i=\u00a0\u00bb0&Prime; _address=\u00a0\u00bb0&Prime;][et_pb_row _builder_version=\u00a0\u00bb3.25&Prime; background_size=\u00a0\u00bbinitial\u00a0\u00bb background_position=\u00a0\u00bbtop_left\u00a0\u00bb background_repeat=\u00a0\u00bbrepeat\u00a0\u00bb _i=\u00a0\u00bb0&Prime; _address=\u00a0\u00bb0.0&Prime;][et_pb_column type=\u00a0\u00bb4_4&Prime; _builder_version=\u00a0\u00bb3.25&Prime; custom_padding=\u00a0\u00bb|||\u00a0\u00bb _i=\u00a0\u00bb0&Prime; _address=\u00a0\u00bb0.0.0&Prime; custom_padding__hover=\u00a0\u00bb|||\u00a0\u00bb][et_pb_text _builder_version=\u00a0\u00bb3.27.2&Prime; text_font=\u00a0\u00bbPoppins||||||||\u00a0\u00bb text_text_color=\u00a0\u00bbrgba(255,255,255,0.8)\u00a0\u00bb text_font_size=\u00a0\u00bb18px\u00a0\u00bb text_line_height=\u00a0\u00bb1.8em\u00a0\u00bb header_font=\u00a0\u00bbPoppins|600|||||||\u00a0\u00bb header_text_color=\u00a0\u00bb#ffffff\u00a0\u00bb header_font_size=\u00a0\u00bb48px\u00a0\u00bb header_line_height=\u00a0\u00bb1.4em\u00a0\u00bb header_3_font=\u00a0\u00bbPoppins|600|||||||\u00a0\u00bb header_3_font_size=\u00a0\u00bb36px\u00a0\u00bb header_3_line_height=\u00a0\u00bb1.4em\u00a0\u00bb background_layout=\u00a0\u00bbdark\u00a0\u00bb max_width=\u00a0\u00bb600px\u00a0\u00bb module_alignment=\u00a0\u00bbleft\u00a0\u00bb custom_margin=\u00a0\u00bb|||\u00a0\u00bb locked=\u00a0\u00bboff\u00a0\u00bb _i=\u00a0\u00bb0&Prime; _address=\u00a0\u00bb0.0.0.0&Prime;]<\/p>\n<h1>T\u00e9moignages<\/h1>\n<p>La meilleure des preuves de la qualit\u00e9 d&rsquo;un enseignement, ce sont les t\u00e9moignages des \u00e9l\u00e8ves&#8230;<\/p>\n<p>[\/et_pb_text][\/et_pb_column][\/et_pb_row][\/et_pb_section][et_pb_section fb_built=\u00a0\u00bb1&Prime; admin_label=\u00a0\u00bbClasses Section\u00a0\u00bb _builder_version=\u00a0\u00bb3.22&Prime; background_color=\u00a0\u00bb#fafbfc\u00a0\u00bb custom_padding=\u00a0\u00bb110px|0px|110px|0px\u00a0\u00bb fb_built=\u00a0\u00bb1&Prime; _i=\u00a0\u00bb1&Prime; _address=\u00a0\u00bb1&Prime;][et_pb_row admin_label=\u00a0\u00bbRow\u00a0\u00bb _builder_version=\u00a0\u00bb3.25&Prime; _i=\u00a0\u00bb0&Prime; _address=\u00a0\u00bb1.0&Prime;][et_pb_column type=\u00a0\u00bb4_4&Prime; _builder_version=\u00a0\u00bb3.25&Prime; custom_padding=\u00a0\u00bb|||\u00a0\u00bb _i=\u00a0\u00bb0&Prime; _address=\u00a0\u00bb1.0.0&Prime; custom_padding__hover=\u00a0\u00bb|||\u00a0\u00bb][et_pb_text _builder_version=\u00a0\u00bb3.0.89&Prime; text_font=\u00a0\u00bb||||||||\u00a0\u00bb header_font=\u00a0\u00bb||||||||\u00a0\u00bb header_2_font=\u00a0\u00bbPoppins|500||on|||||\u00a0\u00bb header_2_text_color=\u00a0\u00bbrgba(0,0,0,0.2)\u00a0\u00bb header_2_font_size=\u00a0\u00bb16px\u00a0\u00bb header_2_letter_spacing=\u00a0\u00bb1px\u00a0\u00bb header_2_line_height=\u00a0\u00bb1.3em\u00a0\u00bb text_orientation=\u00a0\u00bbcenter\u00a0\u00bb custom_margin=\u00a0\u00bb||20px|\u00a0\u00bb saved_tabs=\u00a0\u00bball\u00a0\u00bb locked=\u00a0\u00bboff\u00a0\u00bb _i=\u00a0\u00bb0&Prime; _address=\u00a0\u00bb1.0.0.0&Prime;]<\/p>\n<h2>Morbihan<\/h2>\n<h2><\/h2>\n<p>[\/et_pb_text][et_pb_text _builder_version=\u00a0\u00bb3.0.89&Prime; text_font=\u00a0\u00bb||||||||\u00a0\u00bb header_font=\u00a0\u00bb||||||||\u00a0\u00bb header_text_align=\u00a0\u00bbcenter\u00a0\u00bb header_3_font=\u00a0\u00bbPoppins|600|||||||\u00a0\u00bb header_3_text_color=\u00a0\u00bb#44d89e\u00a0\u00bb header_3_font_size=\u00a0\u00bb36px\u00a0\u00bb header_3_line_height=\u00a0\u00bb1.4em\u00a0\u00bb text_orientation=\u00a0\u00bbcenter\u00a0\u00bb _i=\u00a0\u00bb1&Prime; _address=\u00a0\u00bb1.0.0.1&Prime;]<\/p>\n<h3>Saisons 2014 \u00e0 2018<\/h3>\n<p>[\/et_pb_text][\/et_pb_column][\/et_pb_row][et_pb_row admin_label=\u00a0\u00bbClass\u00a0\u00bb _builder_version=\u00a0\u00bb3.27.2&Prime; background_color=\u00a0\u00bb#ffffff\u00a0\u00bb border_radii=\u00a0\u00bbon|6px|6px|6px|6px\u00a0\u00bb box_shadow_style=\u00a0\u00bbpreset1&Prime; box_shadow_vertical=\u00a0\u00bb10px\u00a0\u00bb box_shadow_blur=\u00a0\u00bb24px\u00a0\u00bb box_shadow_spread=\u00a0\u00bb6px\u00a0\u00bb box_shadow_color=\u00a0\u00bbrgba(0,0,0,0.06)\u00a0\u00bb custom_margin=\u00a0\u00bb||60px|\u00a0\u00bb custom_padding=\u00a0\u00bb|40px||40px\u00a0\u00bb animation_style=\u00a0\u00bbfade\u00a0\u00bb _i=\u00a0\u00bb1&Prime; _address=\u00a0\u00bb1.1&Prime;][et_pb_column type=\u00a0\u00bb4_4&Prime; _builder_version=\u00a0\u00bb3.25&Prime; custom_padding=\u00a0\u00bb|||\u00a0\u00bb _i=\u00a0\u00bb0&Prime; _address=\u00a0\u00bb1.1.0&Prime; custom_padding__hover=\u00a0\u00bb|||\u00a0\u00bb][et_pb_image src=\u00a0\u00bbhttps:\/\/qigong.pro\/wp-content\/uploads\/2019\/08\/Te\u0301moignages_1.jpg\u00a0\u00bb _builder_version=\u00a0\u00bb3.27.2&Prime; _i=\u00a0\u00bb0&Prime; _address=\u00a0\u00bb1.1.0.0&Prime;][\/et_pb_image][\/et_pb_column][\/et_pb_row][et_pb_row _builder_version=\u00a0\u00bb3.27.2&Prime; _i=\u00a0\u00bb2&Prime; _address=\u00a0\u00bb1.2&Prime;][et_pb_column type=\u00a0\u00bb4_4&Prime; _builder_version=\u00a0\u00bb3.27.2&Prime; _i=\u00a0\u00bb0&Prime; _address=\u00a0\u00bb1.2.0&Prime;][et_pb_image src=\u00a0\u00bbhttps:\/\/qigong.pro\/wp-content\/uploads\/2019\/08\/Te\u0301moignages_2.jpg\u00a0\u00bb align=\u00a0\u00bbcenter\u00a0\u00bb _builder_version=\u00a0\u00bb3.27.2&Prime; _i=\u00a0\u00bb0&Prime; _address=\u00a0\u00bb1.2.0.0&Prime;][\/et_pb_image][\/et_pb_column][\/et_pb_row][et_pb_row _builder_version=\u00a0\u00bb3.27.2&Prime; _i=\u00a0\u00bb3&Prime; _address=\u00a0\u00bb1.3&Prime;][et_pb_column type=\u00a0\u00bb4_4&Prime; _builder_version=\u00a0\u00bb3.27.2&Prime; _i=\u00a0\u00bb0&Prime; _address=\u00a0\u00bb1.3.0&Prime;][et_pb_image src=\u00a0\u00bbhttps:\/\/qigong.pro\/wp-content\/uploads\/2019\/08\/Te\u0301moignages_3-1.jpg\u00a0\u00bb align=\u00a0\u00bbcenter\u00a0\u00bb _builder_version=\u00a0\u00bb3.27.2&Prime; _i=\u00a0\u00bb0&Prime; _address=\u00a0\u00bb1.3.0.0&Prime;][\/et_pb_image][\/et_pb_column][\/et_pb_row][et_pb_row _builder_version=\u00a0\u00bb3.27.2&Prime; _i=\u00a0\u00bb4&Prime; _address=\u00a0\u00bb1.4&Prime;][et_pb_column type=\u00a0\u00bb4_4&Prime; _builder_version=\u00a0\u00bb3.27.2&Prime; _i=\u00a0\u00bb0&Prime; _address=\u00a0\u00bb1.4.0&Prime;][et_pb_image src=\u00a0\u00bbhttps:\/\/qigong.pro\/wp-content\/uploads\/2019\/08\/Te\u0301moignages_4-1.jpg\u00a0\u00bb align=\u00a0\u00bbcenter\u00a0\u00bb _builder_version=\u00a0\u00bb3.27.2&Prime; _i=\u00a0\u00bb0&Prime; _address=\u00a0\u00bb1.4.0.0&Prime;][\/et_pb_image][\/et_pb_column][\/et_pb_row][et_pb_row _builder_version=\u00a0\u00bb3.27.2&Prime; _i=\u00a0\u00bb5&Prime; _address=\u00a0\u00bb1.5&Prime;][et_pb_column type=\u00a0\u00bb4_4&Prime; _builder_version=\u00a0\u00bb3.27.2&Prime; _i=\u00a0\u00bb0&Prime; _address=\u00a0\u00bb1.5.0&Prime;][et_pb_image src=\u00a0\u00bbhttps:\/\/qigong.pro\/wp-content\/uploads\/2019\/08\/Te\u0301moignages_5.jpg\u00a0\u00bb align=\u00a0\u00bbcenter\u00a0\u00bb _builder_version=\u00a0\u00bb3.27.2&Prime; _i=\u00a0\u00bb0&Prime; _address=\u00a0\u00bb1.5.0.0&Prime;][\/et_pb_image][et_pb_button button_text=\u00a0\u00bbJE M&rsquo;INSCRIS \u00c0 UN COURS D&rsquo;ESSAI\u00a0\u00bb _builder_version=\u00a0\u00bb3.27.2&Prime; button_alignment=\u00a0\u00bbcenter\u00a0\u00bb button_url=\u00a0\u00bb@ET-DC@eyJkeW5hbWljIjp0cnVlLCJjb250ZW50IjoicG9zdF9saW5rX3VybF9wYWdlIiwic2V0dGluZ3MiOnsicG9zdF9pZCI6IjI2MSJ9fQ==@\u00a0\u00bb _dynamic_attributes=\u00a0\u00bbbutton_url\u00a0\u00bb hover_enabled=\u00a0\u00bb0&Prime;][\/et_pb_button][\/et_pb_column][\/et_pb_row][\/et_pb_section]<\/p>\n","protected":false},"excerpt":{"rendered":"<p>T\u00e9moignages La meilleure des preuves de la qualit\u00e9 d&rsquo;un enseignement, ce sont les t\u00e9moignages des \u00e9l\u00e8ves&#8230;Morbihan Saisons 2014 \u00e0 2018<\/p>\n","protected":false},"author":1,"featured_media":0,"parent":0,"menu_order":0,"comment_status":"closed","ping_status":"closed","template":"","meta":{"_et_pb_use_builder":"on","_et_pb_old_content":"<!-- wp:paragraph -->\n<p>Durant le salon Respire La Vie de la Rochelle (22 au 24 mars 2019), nous avons recueilli plus de 70 demandes en 3 jours pour les cours d\u00e9couverte de la rentr\u00e9e 2019 \u00e0 la Rochelle. Merci \u00e0 tous les participants. <\/p>\n<!-- \/wp:paragraph -->\n\n<!-- wp:paragraph -->\n<p>Nous sommes en train d'analyser les demandes et nous prenons contact avec des salles priv\u00e9es et publiques \u00e0 la Rochelle et en p\u00e9riph\u00e9rie pour proposer des cours d\u00e8s la rentr\u00e9e de septembre, en essayant de satisfaire le plus grand nombre.<\/p>\n<!-- \/wp:paragraph -->\n\n<!-- wp:paragraph -->\n<p>Nous vous informerons de nos avanc\u00e9es au fur et \u00e0 mesure des prochaines semaines avec un projet finalis\u00e9 pour les premiers jours de septembre. Vous pourrez alors disposer des lieux, des horaires et des jours retenus, ainsi que les tarifs pour la saison 2019\/2020. <br>En attendant, vous pouvez remplir le formulaire ci-dessous afin d'\u00eatre parmi les premiers \u00e0 b\u00e9n\u00e9ficier de notre cours d\u00e9couverte.<\/p>\n<!-- \/wp:paragraph -->\n\n<!-- wp:paragraph -->\n<p>Merci de votre patience et \u00e0 bient\u00f4t.<\/p>\n<!-- \/wp:paragraph -->\n\n<!-- wp:image {\"id\":169,\"width\":103,\"height\":120} -->\n<figure class=\"wp-block-image is-resized\"><img src=\"http:\/\/qigong.pro\/wp-content\/uploads\/2019\/01\/PortraitBB_light.jpg\" alt=\"\" class=\"wp-image-169\" width=\"103\" height=\"120\"\/><\/figure>\n<!-- \/wp:image -->\n\n<!-- wp:paragraph -->\n<p>Bruno BRAVO<br>Professeur de Qi Gong Traditionnel<br>Th\u00e9rapeute en M\u00e9decine Energ\u00e9tique Chinoise<br><br><\/p>\n<!-- \/wp:paragraph -->\n\n<!-- wp:heading -->\n<h2><strong>Formulaire cours collectifs<\/strong><br><\/h2>\n<!-- \/wp:heading -->\n\n<!-- wp:shortcode -->\n[wpforms id=\"292\"]\n<!-- \/wp:shortcode -->","_et_gb_content_width":"","jetpack_post_was_ever_published":false,"footnotes":""},"class_list":["post-500","page","type-page","status-publish","hentry"],"jetpack_sharing_enabled":true,"jetpack_shortlink":"https:\/\/wp.me\/P9qWjj-84","_links":{"self":[{"href":"https:\/\/qigong.pro\/index.php\/wp-json\/wp\/v2\/pages\/500"}],"collection":[{"href":"https:\/\/qigong.pro\/index.php\/wp-json\/wp\/v2\/pages"}],"about":[{"href":"https:\/\/qigong.pro\/index.php\/wp-json\/wp\/v2\/types\/page"}],"author":[{"embeddable":true,"href":"https:\/\/qigong.pro\/index.php\/wp-json\/wp\/v2\/users\/1"}],"replies":[{"embeddable":true,"href":"https:\/\/qigong.pro\/index.php\/wp-json\/wp\/v2\/comments?post=500"}],"version-history":[{"count":7,"href":"https:\/\/qigong.pro\/index.php\/wp-json\/wp\/v2\/pages\/500\/revisions"}],"predecessor-version":[{"id":614,"href":"https:\/\/qigong.pro\/index.php\/wp-json\/wp\/v2\/pages\/500\/revisions\/614"}],"wp:attachment":[{"href":"https:\/\/qigong.pro\/index.php\/wp-json\/wp\/v2\/media?parent=500"}],"curies":[{"name":"wp","href":"https:\/\/api.w.org\/{rel}","templated":true}]}}